{"id":11420,"date":"2024-07-04T11:06:40","date_gmt":"2024-07-04T09:06:40","guid":{"rendered":"https:\/\/zuern-harvesting.de\/coupe\/solero\/"},"modified":"2025-03-03T15:02:46","modified_gmt":"2025-03-03T14:02:46","slug":"solero","status":"publish","type":"page","link":"https:\/\/zuern-harvesting.de\/fr\/coupe\/solero\/","title":{"rendered":"Solero"},"content":{"rendered":"\t\t<div data-elementor-type=\"wp-page\" data-elementor-id=\"11420\" class=\"elementor elementor-11420 elementor-4426\" data-elementor-post-type=\"page\">\n\t\t\t\t<div class=\"elementor-element elementor-element-e873c43 e-con-full e-flex wpr-particle-no wpr-jarallax-no wpr-parallax-no wpr-sticky-section-no wpr-equal-height-no e-con e-parent\" data-id=\"e873c43\" data-element_type=\"container\" data-e-type=\"container\" data-settings=\"{&quot;jet_parallax_layout_list&quot;:[]}\">\n\t\t\t\t<div class=\"elementor-element elementor-element-602483f5 elementor--v-position-bottom elementor--h-position-left elementor-widget elementor-widget-slides\" data-id=\"602483f5\" data-element_type=\"widget\" data-e-type=\"widget\" data-settings=\"{&quot;navigation&quot;:&quot;none&quot;,&quot;transition&quot;:&quot;fade&quot;,&quot;autoplay&quot;:&quot;yes&quot;,&quot;pause_on_hover&quot;:&quot;yes&quot;,&quot;pause_on_interaction&quot;:&quot;yes&quot;,&quot;autoplay_speed&quot;:5000,&quot;infinite&quot;:&quot;yes&quot;,&quot;transition_speed&quot;:500}\" data-widget_type=\"slides.default\">\n\t\t\t\t<div class=\"elementor-widget-container\">\n\t\t\t\t\t\t\t\t\t<div class=\"elementor-swiper\">\n\t\t\t\t\t<div class=\"elementor-slides-wrapper elementor-main-swiper swiper\" role=\"region\" aria-roledescription=\"carousel\" aria-label=\"Slider\" dir=\"ltr\" data-animation=\"fadeInUp\">\n\t\t\t\t<div class=\"swiper-wrapper elementor-slides\">\n\t\t\t\t\t\t\t\t\t\t<div class=\"elementor-repeater-item-1719ee9 swiper-slide\" role=\"group\" aria-roledescription=\"slide\"><div class=\"swiper-slide-bg\" role=\"img\" aria-label=\"Solero, Sonnenblumenvorsatz\"><\/div><div class=\"elementor-background-overlay\"><\/div><div class=\"swiper-slide-inner\" ><div class=\"swiper-slide-contents\"><h1 class=\"elementor-slide-heading\">Solero - La coupe \u00e0 tournesols. <\/h1><\/div><\/div><\/div>\t\t\t\t<\/div>\n\t\t\t\t\t\t\t<\/div>\n\t\t\t\t<\/div>\n\t\t\t\t\t\t\t\t<\/div>\n\t\t\t\t<\/div>\n\t\t\t\t<\/div>\n\t\t<div class=\"elementor-element elementor-element-68ef4732 e-flex e-con-boxed wpr-particle-no wpr-jarallax-no wpr-parallax-no wpr-sticky-section-no wpr-equal-height-no e-con e-parent\" data-id=\"68ef4732\" data-element_type=\"container\" data-e-type=\"container\" data-settings=\"{&quot;jet_parallax_layout_list&quot;:[],&quot;background_background&quot;:&quot;classic&quot;}\">\n\t\t\t\t\t<div class=\"e-con-inner\">\n\t\t<div class=\"elementor-element elementor-element-1833815d e-con-full e-flex wpr-particle-no wpr-jarallax-no wpr-parallax-no wpr-sticky-section-no wpr-equal-height-no e-con e-child\" data-id=\"1833815d\" data-element_type=\"container\" data-e-type=\"container\" data-settings=\"{&quot;jet_parallax_layout_list&quot;:[]}\">\n\t\t<div class=\"elementor-element elementor-element-2d4a6f05 e-con-full e-flex wpr-particle-no wpr-jarallax-no wpr-parallax-no wpr-sticky-section-no wpr-equal-height-no e-con e-child\" data-id=\"2d4a6f05\" data-element_type=\"container\" data-e-type=\"container\" data-settings=\"{&quot;jet_parallax_layout_list&quot;:[]}\">\n\t\t\t\t<div class=\"elementor-element elementor-element-3f9802c6 elementor-widget elementor-widget-heading\" data-id=\"3f9802c6\" data-element_type=\"widget\" data-e-type=\"widget\" data-widget_type=\"heading.default\">\n\t\t\t\t<div class=\"elementor-widget-container\">\n\t\t\t\t\t<h2 class=\"elementor-heading-title elementor-size-default\">Le sp\u00e9cialiste du tournesol  <\/h2>\t\t\t\t<\/div>\n\t\t\t\t<\/div>\n\t\t\t\t<\/div>\n\t\t\t\t<\/div>\n\t\t<div class=\"elementor-element elementor-element-2dba3bf8 e-con-full e-flex wpr-particle-no wpr-jarallax-no wpr-parallax-no wpr-sticky-section-no wpr-equal-height-no e-con e-child\" data-id=\"2dba3bf8\" data-element_type=\"container\" data-e-type=\"container\" data-settings=\"{&quot;jet_parallax_layout_list&quot;:[]}\">\n\t\t\t\t<div class=\"elementor-element elementor-element-312fe5a6 elementor-widget elementor-widget-text-editor\" data-id=\"312fe5a6\" data-element_type=\"widget\" data-e-type=\"widget\" data-widget_type=\"text-editor.default\">\n\t\t\t\t<div class=\"elementor-widget-container\">\n\t\t\t\t\t\t\t\t\t<p>La plateforme de coupe sp\u00e9ciale qui permet de moissonner rapidement le tournesol. Afin de r\u00e9duire les pertes, la coupe dispose des plateaux cueilleurs tr\u00e8s longs avec \u00e9cartement de rangs r\u00e9glable. <\/p>\t\t\t\t\t\t\t\t<\/div>\n\t\t\t\t<\/div>\n\t\t\t\t<\/div>\n\t\t\t\t\t<\/div>\n\t\t\t\t<\/div>\n\t\t<div class=\"elementor-element elementor-element-68aa4c13 e-flex e-con-boxed wpr-particle-no wpr-jarallax-no wpr-parallax-no wpr-sticky-section-no wpr-equal-height-no e-con e-parent\" data-id=\"68aa4c13\" data-element_type=\"container\" data-e-type=\"container\" data-settings=\"{&quot;jet_parallax_layout_list&quot;:[],&quot;background_background&quot;:&quot;gradient&quot;}\">\n\t\t\t\t\t<div class=\"e-con-inner\">\n\t\t\t\t<div class=\"elementor-element elementor-element-baaafcc elementor-widget elementor-widget-image\" data-id=\"baaafcc\" data-element_type=\"widget\" data-e-type=\"widget\" data-widget_type=\"image.default\">\n\t\t\t\t<div class=\"elementor-widget-container\">\n\t\t\t\t\t\t\t\t\t\t\t\t\t\t\t<img fetchpriority=\"high\" decoding=\"async\" width=\"1100\" height=\"749\" src=\"https:\/\/zuern-harvesting.de\/wp-content\/uploads\/2024\/07\/Zuern-Produkt_126-1.webp\" class=\"attachment-full size-full wp-image-9648\" alt=\"Z\u00fcrn Solero Freisteller\" srcset=\"https:\/\/zuern-harvesting.de\/wp-content\/uploads\/2024\/07\/Zuern-Produkt_126-1.webp 1100w, https:\/\/zuern-harvesting.de\/wp-content\/uploads\/2024\/07\/Zuern-Produkt_126-1-300x204.webp 300w, https:\/\/zuern-harvesting.de\/wp-content\/uploads\/2024\/07\/Zuern-Produkt_126-1-1024x697.webp 1024w, https:\/\/zuern-harvesting.de\/wp-content\/uploads\/2024\/07\/Zuern-Produkt_126-1-768x523.webp 768w\" sizes=\"(max-width: 1100px) 100vw, 1100px\" \/>\t\t\t\t\t\t\t\t\t\t\t\t\t\t\t<\/div>\n\t\t\t\t<\/div>\n\t\t\t\t\t<\/div>\n\t\t\t\t<\/div>\n\t\t<div class=\"elementor-element elementor-element-529872b7 e-flex e-con-boxed wpr-particle-no wpr-jarallax-no wpr-parallax-no wpr-sticky-section-no wpr-equal-height-no e-con e-parent\" data-id=\"529872b7\" data-element_type=\"container\" data-e-type=\"container\" data-settings=\"{&quot;jet_parallax_layout_list&quot;:[]}\">\n\t\t\t\t\t<div class=\"e-con-inner\">\n\t\t<div class=\"elementor-element elementor-element-196a2ed0 e-con-full e-flex wpr-particle-no wpr-jarallax-no wpr-parallax-no wpr-sticky-section-no wpr-equal-height-no e-con e-child\" data-id=\"196a2ed0\" data-element_type=\"container\" data-e-type=\"container\" data-settings=\"{&quot;jet_parallax_layout_list&quot;:[]}\">\n\t\t<div class=\"elementor-element elementor-element-521deead e-con-full e-flex wpr-particle-no wpr-jarallax-no wpr-parallax-no wpr-sticky-section-no wpr-equal-height-no e-con e-child\" data-id=\"521deead\" data-element_type=\"container\" data-e-type=\"container\" data-settings=\"{&quot;jet_parallax_layout_list&quot;:[]}\">\n\t\t\t\t<div class=\"elementor-element elementor-element-3d634f41 elementor-widget elementor-widget-heading\" data-id=\"3d634f41\" data-element_type=\"widget\" data-e-type=\"widget\" data-widget_type=\"heading.default\">\n\t\t\t\t<div class=\"elementor-widget-container\">\n\t\t\t\t\t<h2 class=\"elementor-heading-title elementor-size-default\">Votre advantages avec Z\u00fcrn<\/h2>\t\t\t\t<\/div>\n\t\t\t\t<\/div>\n\t\t\t\t<\/div>\n\t\t\t\t<\/div>\n\t\t<div class=\"elementor-element elementor-element-ff87abc e-con-full e-flex wpr-particle-no wpr-jarallax-no wpr-parallax-no wpr-sticky-section-no wpr-equal-height-no e-con e-child\" data-id=\"ff87abc\" data-element_type=\"container\" data-e-type=\"container\" data-settings=\"{&quot;jet_parallax_layout_list&quot;:[]}\">\n\t\t\t\t<div class=\"elementor-element elementor-element-63c1f4d7 elementor-mobile-align-start elementor-icon-list--layout-traditional elementor-list-item-link-full_width elementor-widget elementor-widget-icon-list\" data-id=\"63c1f4d7\" data-element_type=\"widget\" data-e-type=\"widget\" data-widget_type=\"icon-list.default\">\n\t\t\t\t<div class=\"elementor-widget-container\">\n\t\t\t\t\t\t\t<ul class=\"elementor-icon-list-items\">\n\t\t\t\t\t\t\t<li class=\"elementor-icon-list-item\">\n\t\t\t\t\t\t\t\t\t\t\t<span class=\"elementor-icon-list-icon\">\n\t\t\t\t\t\t\t<i aria-hidden=\"true\" class=\"fas fa-angle-right\"><\/i>\t\t\t\t\t\t<\/span>\n\t\t\t\t\t\t\t\t\t\t<span class=\"elementor-icon-list-text\">Des navettes tr\u00e8s longues avec des intervalles r\u00e9glables pour une perte de r\u00e9colte minimale.<\/span>\n\t\t\t\t\t\t\t\t\t<\/li>\n\t\t\t\t\t\t\t\t<li class=\"elementor-icon-list-item\">\n\t\t\t\t\t\t\t\t\t\t\t<span class=\"elementor-icon-list-icon\">\n\t\t\t\t\t\t\t<i aria-hidden=\"true\" class=\"fas fa-angle-right\"><\/i>\t\t\t\t\t\t<\/span>\n\t\t\t\t\t\t\t\t\t\t<span class=\"elementor-icon-list-text\">Convient \u00e0 diff\u00e9rents \u00e9cartements de rang\u00e9es, par exemple 70 \/ 75 \/ 80 cm ou m\u00eame 50 cm.<\/span>\n\t\t\t\t\t\t\t\t\t<\/li>\n\t\t\t\t\t\t\t\t<li class=\"elementor-icon-list-item\">\n\t\t\t\t\t\t\t\t\t\t\t<span class=\"elementor-icon-list-icon\">\n\t\t\t\t\t\t\t<i aria-hidden=\"true\" class=\"fas fa-angle-right\"><\/i>\t\t\t\t\t\t<\/span>\n\t\t\t\t\t\t\t\t\t\t<span class=\"elementor-icon-list-text\">Afin d\u2019en \u00e9viter une coupe pr\u00e9coce, le rouleau d\u2019appui rotatif repousse en douceur les plantes vers le bas. Ainsi, seules les t\u00eates sont coup\u00e9es pour alimenter le syst\u00e8me de battage. La part de tiges \u00e9tant minimale, la tr\u00e9mie est pleine de grains propres. <\/span>\n\t\t\t\t\t\t\t\t\t<\/li>\n\t\t\t\t\t\t\t\t<li class=\"elementor-icon-list-item\">\n\t\t\t\t\t\t\t\t\t\t\t<span class=\"elementor-icon-list-icon\">\n\t\t\t\t\t\t\t<i aria-hidden=\"true\" class=\"fas fa-angle-right\"><\/i>\t\t\t\t\t\t<\/span>\n\t\t\t\t\t\t\t\t\t\t<span class=\"elementor-icon-list-text\">Les rabatteurs \u00e0 doigts r\u00e9glables assurent la r\u00e9gularit\u00e9 du flux vers la vis d\u2019alimentation et \u00e9vitent la formation de bouchons entre les plateaux diviseurs et la scie.<\/span>\n\t\t\t\t\t\t\t\t\t<\/li>\n\t\t\t\t\t\t\t\t<li class=\"elementor-icon-list-item\">\n\t\t\t\t\t\t\t\t\t\t\t<span class=\"elementor-icon-list-icon\">\n\t\t\t\t\t\t\t<i aria-hidden=\"true\" class=\"fas fa-angle-right\"><\/i>\t\t\t\t\t\t<\/span>\n\t\t\t\t\t\t\t\t\t\t<span class=\"elementor-icon-list-text\">Disponible en 5,60 \/ 8,40 \/ 9,80 \/ 11,20 m de largeur de travail ou 8 \/ 12 \/ 14 \/ 16 rangs pour toutes les marques de moissonneuses-batteuses courantes.<\/span>\n\t\t\t\t\t\t\t\t\t<\/li>\n\t\t\t\t\t\t<\/ul>\n\t\t\t\t\t\t<\/div>\n\t\t\t\t<\/div>\n\t\t\t\t<\/div>\n\t\t\t\t\t<\/div>\n\t\t\t\t<\/div>\n\t\t<div class=\"elementor-element elementor-element-4d488a76 e-flex e-con-boxed wpr-particle-no wpr-jarallax-no wpr-parallax-no wpr-sticky-section-no wpr-equal-height-no e-con e-parent\" data-id=\"4d488a76\" data-element_type=\"container\" data-e-type=\"container\" data-settings=\"{&quot;jet_parallax_layout_list&quot;:[],&quot;background_background&quot;:&quot;classic&quot;}\">\n\t\t\t\t\t<div class=\"e-con-inner\">\n\t\t<div class=\"elementor-element elementor-element-60e946b3 e-con-full e-flex wpr-particle-no wpr-jarallax-no wpr-parallax-no wpr-sticky-section-no wpr-equal-height-no e-con e-child\" data-id=\"60e946b3\" data-element_type=\"container\" data-e-type=\"container\" data-settings=\"{&quot;background_background&quot;:&quot;classic&quot;,&quot;jet_parallax_layout_list&quot;:[]}\">\n\t\t\t\t<div class=\"elementor-element elementor-element-33516a19 elementor-widget elementor-widget-jet-carousel\" data-id=\"33516a19\" data-element_type=\"widget\" data-e-type=\"widget\" data-settings=\"{&quot;slides_to_show&quot;:&quot;3&quot;,&quot;slides_to_show_tablet&quot;:&quot;2&quot;,&quot;slides_to_show_mobile&quot;:&quot;1&quot;,&quot;slides_to_scroll&quot;:&quot;1&quot;}\" data-widget_type=\"jet-carousel.default\">\n\t\t\t\t<div class=\"elementor-widget-container\">\n\t\t\t\t\t<div class=\"elementor-jet-carousel jet-elements\"><div class=\"jet-carousel-wrap\">\n\t<div class=\"jet-carousel\" data-slider_options=\"{&quot;autoplaySpeed&quot;:5000,&quot;autoplay&quot;:true,&quot;infinite&quot;:true,&quot;centerMode&quot;:false,&quot;centerPadding&quot;:&quot;50px&quot;,&quot;pauseOnHover&quot;:false,&quot;speed&quot;:500,&quot;arrows&quot;:true,&quot;dots&quot;:false,&quot;variableWidth&quot;:false,&quot;prevArrow&quot;:&quot;.jet-carousel__prev-arrow-33516a19&quot;,&quot;nextArrow&quot;:&quot;.jet-carousel__next-arrow-33516a19&quot;,&quot;rtl&quot;:false,&quot;fractionNav&quot;:false}\" dir=\"ltr\">\n\t<div class=\"elementor-slick-slider\">\n\n<div class=\"jet-carousel__item\">\n\t<div class=\"jet-carousel__item-inner\"><img decoding=\"async\" src=\"https:\/\/zuern-harvesting.de\/wp-content\/uploads\/2024\/07\/Zuern-Produkt_118-1.webp\" class=\"jet-carousel__item-img\" alt=\"Solero Schneidwerk Schiffchen\" loading=\"lazy\"><div class=\"jet-carousel__content\"><div class=\"jet-carousel__item-title\">Minimalise les pertes \u00e0 la moisson<\/div><div class=\"jet-carousel__item-text\"><p>De par leur grande longueur, les plateaux diviseurs s\u2019adaptent parfaitement aux rangs et minimalisent les pertes de r\u00e9colte. Les espaces s\u2019ajustent facilement \u00e0 l\u2018\u00e9paisseur des tiges. <\/p><\/div><\/div><\/div>\n<\/div>\n\n<div class=\"jet-carousel__item\">\n\t<div class=\"jet-carousel__item-inner\"><img decoding=\"async\" src=\"https:\/\/zuern-harvesting.de\/wp-content\/uploads\/2024\/07\/Zuern-Produkt_119-1.webp\" class=\"jet-carousel__item-img\" alt=\"Solero Schneidwerk Reisswalze\" loading=\"lazy\"><div class=\"jet-carousel__content\"><div class=\"jet-carousel__item-title\">Coupe franche et nette<\/div><div class=\"jet-carousel__item-text\"><p>Plac\u00e9 sous la scie, le rouleau d\u2018appui pousse les tiges vers le bas, ainsi seules les t\u00eates de tournesols sont coup\u00e9es. <\/p><\/div><\/div><\/div>\n<\/div>\n\n<div class=\"jet-carousel__item\">\n\t<div class=\"jet-carousel__item-inner\"><img decoding=\"async\" src=\"https:\/\/zuern-harvesting.de\/wp-content\/uploads\/2024\/07\/Zuern-Produkt_120-1.webp\" class=\"jet-carousel__item-img\" alt=\"Solero Schneidwerk Schiffchen reihenunabh\u00e4ngig\" loading=\"lazy\"><div class=\"jet-carousel__content\"><div class=\"jet-carousel__item-title\">Ind\u00e9pendante des rangs<\/div><div class=\"jet-carousel__item-text\"><p>La coupe SOLERO travaille ind\u00e9pendamment des espaces inter-rangs. De ce fait elle est applicable \u00e0 divers inter-rangs tels que, par exemple : 70, 75, 80 cm o\u00f9 encore 50 cm.<\/p><\/div><\/div><\/div>\n<\/div>\n\n<div class=\"jet-carousel__item\">\n\t<div class=\"jet-carousel__item-inner\"><img decoding=\"async\" src=\"https:\/\/zuern-harvesting.de\/wp-content\/uploads\/2024\/07\/Zuern-Produkt_121-1.webp\" class=\"jet-carousel__item-img\" alt=\"Solero Schneidwerk Fingerhaspel\" loading=\"lazy\"><div class=\"jet-carousel__content\"><div class=\"jet-carousel__item-title\">Alimentation exemplaire<\/div><div class=\"jet-carousel__item-text\"><p>Les rabatteurs \u00e0 doigts r\u00e9glables assurent la r\u00e9gularit\u00e9 du flux vers la vis d\u2019alimentation et \u00e9vitent la formation de bouchons entre les plateaux diviseurs et la scie.<\/p><\/div><\/div><\/div>\n<\/div>\n\n<div class=\"jet-carousel__item\">\n\t<div class=\"jet-carousel__item-inner\"><img decoding=\"async\" src=\"https:\/\/zuern-harvesting.de\/wp-content\/uploads\/2024\/07\/Zuern-Produkt_122-1.webp\" class=\"jet-carousel__item-img\" alt=\"Solero Schneidwerk Frontrolle\" loading=\"lazy\"><div class=\"jet-carousel__content\"><div class=\"jet-carousel__item-title\">R\u00e9colter en douceur<\/div><div class=\"jet-carousel__item-text\"><p>Afin d\u2019en \u00e9viter une coupe pr\u00e9coce, le rouleau d\u2019appui rotatif repousse en douceur les plantes vers le bas. Ainsi, seules les t\u00eates sont coup\u00e9es pour alimenter le syst\u00e8me de battage. La part de tiges \u00e9tant minimale, la tr\u00e9mie est pleine de grains propres. <\/p><\/div><\/div><\/div>\n<\/div>\n\n<div class=\"jet-carousel__item\">\n\t<div class=\"jet-carousel__item-inner\"><img decoding=\"async\" src=\"https:\/\/zuern-harvesting.de\/wp-content\/uploads\/2024\/07\/Zuern-Produkt_123-1.webp\" class=\"jet-carousel__item-img\" alt=\"Solero Schneidwerk Antriebe rechts\" loading=\"lazy\"><div class=\"jet-carousel__content\"><div class=\"jet-carousel__item-title\">Facile \u00e0 r\u00e9gler<\/div><div class=\"jet-carousel__item-text\"><p>Dot\u00e9 d\u2019un r\u00e9glage hydraulique en hauteur, le rouleau frontal assure une alimentation optimale du syst\u00e8me de battage.<\/p><\/div><\/div><\/div>\n<\/div>\n\n<div class=\"jet-carousel__item\">\n\t<div class=\"jet-carousel__item-inner\"><img decoding=\"async\" src=\"https:\/\/zuern-harvesting.de\/wp-content\/uploads\/2024\/07\/Zuern-Produkt_124-1.webp\" class=\"jet-carousel__item-img\" alt=\"Solero Schneidwerk Antriebe links\" loading=\"lazy\"><div class=\"jet-carousel__content\"><div class=\"jet-carousel__item-title\">Fiabilit\u00e9 maximale<\/div><div class=\"jet-carousel__item-text\"><p>Con\u00e7ue de fa\u00e7on solide et stable, la coupe SOLERO n\u2019est pas lourde. Gr\u00e2ce \u00e0 son petit nombre de pi\u00e8ces en rotation, son fonctionnement est des plus \u00e9conomiques. <\/p><\/div><\/div><\/div>\n<\/div>\n\n<div class=\"jet-carousel__item\">\n\t<div class=\"jet-carousel__item-inner\"><img decoding=\"async\" src=\"https:\/\/zuern-harvesting.de\/wp-content\/uploads\/2024\/07\/Zuern-Produkt_125-1.webp\" class=\"jet-carousel__item-img\" alt=\"Solero Schneidwerk Detailsansicht\" loading=\"lazy\"><div class=\"jet-carousel__content\"><div class=\"jet-carousel__item-title\">Application universelle<\/div><div class=\"jet-carousel__item-text\"><p>Z\u00dcRN dispose d\u2019une large gamme d\u2019adaptations pour atteler la coupe Z\u00dcRN SOLERO sur toutes les marques courantes de moissonneuses-batteuses.<\/p><\/div><\/div><\/div>\n<\/div>\n<\/div><div class=\"jet-carousel__prev-arrow-33516a19 jet-arrow prev-arrow\"><i aria-hidden=\"true\" class=\"fas fa-chevron-left\"><\/i><\/div><div class=\"jet-carousel__next-arrow-33516a19 jet-arrow next-arrow\"><i aria-hidden=\"true\" class=\"fas fa-chevron-right\"><\/i><\/div><\/div>\n<\/div>\n<\/div>\t\t\t\t<\/div>\n\t\t\t\t<\/div>\n\t\t\t\t<\/div>\n\t\t\t\t\t<\/div>\n\t\t\t\t<\/div>\n\t\t<div class=\"elementor-element elementor-element-6dce1ffd e-flex e-con-boxed wpr-particle-no wpr-jarallax-no wpr-parallax-no wpr-sticky-section-no wpr-equal-height-no e-con e-parent\" data-id=\"6dce1ffd\" data-element_type=\"container\" data-e-type=\"container\" data-settings=\"{&quot;jet_parallax_layout_list&quot;:[]}\">\n\t\t\t\t\t<div class=\"e-con-inner\">\n\t\t<div class=\"elementor-element elementor-element-13a7659d e-con-full e-flex wpr-particle-no wpr-jarallax-no wpr-parallax-no wpr-sticky-section-no wpr-equal-height-no e-con e-child\" data-id=\"13a7659d\" data-element_type=\"container\" data-e-type=\"container\" data-settings=\"{&quot;jet_parallax_layout_list&quot;:[]}\">\n\t\t\t\t<div class=\"elementor-element elementor-element-44b7c34 elementor-widget elementor-widget-heading\" data-id=\"44b7c34\" data-element_type=\"widget\" data-e-type=\"widget\" data-widget_type=\"heading.default\">\n\t\t\t\t<div class=\"elementor-widget-container\">\n\t\t\t\t\t<h2 class=\"elementor-heading-title elementor-size-default\">SOLERO Brochures<\/h2>\t\t\t\t<\/div>\n\t\t\t\t<\/div>\n\t\t\t\t<\/div>\n\t\t<div class=\"elementor-element elementor-element-23864af1 e-con-full e-flex wpr-particle-no wpr-jarallax-no wpr-parallax-no wpr-sticky-section-no wpr-equal-height-no e-con e-child\" data-id=\"23864af1\" data-element_type=\"container\" data-e-type=\"container\" data-settings=\"{&quot;jet_parallax_layout_list&quot;:[]}\">\n\t\t<div class=\"elementor-element elementor-element-46672ad e-con-full e-flex wpr-particle-no wpr-jarallax-no wpr-parallax-no wpr-sticky-section-no wpr-equal-height-no e-con e-child\" data-id=\"46672ad\" data-element_type=\"container\" data-e-type=\"container\" data-settings=\"{&quot;jet_parallax_layout_list&quot;:[],&quot;background_background&quot;:&quot;classic&quot;}\">\n\t\t\t\t<div class=\"elementor-element elementor-element-201e57e0 elementor-view-default elementor-widget elementor-widget-icon\" data-id=\"201e57e0\" data-element_type=\"widget\" data-e-type=\"widget\" data-widget_type=\"icon.default\">\n\t\t\t\t<div class=\"elementor-widget-container\">\n\t\t\t\t\t\t\t<div class=\"elementor-icon-wrapper\">\n\t\t\t<div class=\"elementor-icon\">\n\t\t\t<i aria-hidden=\"true\" class=\"fas fa-file\"><\/i>\t\t\t<\/div>\n\t\t<\/div>\n\t\t\t\t\t\t<\/div>\n\t\t\t\t<\/div>\n\t\t\t\t<div class=\"elementor-element elementor-element-21fdee3a elementor-widget elementor-widget-heading\" data-id=\"21fdee3a\" data-element_type=\"widget\" data-e-type=\"widget\" data-widget_type=\"heading.default\">\n\t\t\t\t<div class=\"elementor-widget-container\">\n\t\t\t\t\t<p class=\"elementor-heading-title elementor-size-default\">Z\u00dcRN Solero<\/p>\t\t\t\t<\/div>\n\t\t\t\t<\/div>\n\t\t\t\t<div class=\"elementor-element elementor-element-5c863884 elementor-widget elementor-widget-text-editor\" data-id=\"5c863884\" data-element_type=\"widget\" data-e-type=\"widget\" data-widget_type=\"text-editor.default\">\n\t\t\t\t<div class=\"elementor-widget-container\">\n\t\t\t\t\t\t\t\t\t<p>La coupe \u00e0 tournesols.<\/p>\t\t\t\t\t\t\t\t<\/div>\n\t\t\t\t<\/div>\n\t\t\t\t<div class=\"elementor-element elementor-element-5ee8cb1 elementor-widget__width-initial elementor-view-default elementor-widget elementor-widget-icon\" data-id=\"5ee8cb1\" data-element_type=\"widget\" data-e-type=\"widget\" data-widget_type=\"icon.default\">\n\t\t\t\t<div class=\"elementor-widget-container\">\n\t\t\t\t\t\t\t<div class=\"elementor-icon-wrapper\">\n\t\t\t<a class=\"elementor-icon elementor-animation-sink\" href=\"https:\/\/zuern-harvesting.de\/wp-content\/uploads\/2024\/07\/solero_flyer_de_2017-10_web.pdf\" target=\"_blank\">\n\t\t\t<i aria-hidden=\"true\" class=\"fas fa-arrow-down\"><\/i>\t\t\t<\/a>\n\t\t<\/div>\n\t\t\t\t\t\t<\/div>\n\t\t\t\t<\/div>\n\t\t\t\t<\/div>\n\t\t\t\t<\/div>\n\t\t\t\t\t<\/div>\n\t\t\t\t<\/div>\n\t\t\t\t<\/div>\n\t\t","protected":false},"excerpt":{"rendered":"<p>Solero &#8211; La coupe \u00e0 tournesols. Le sp\u00e9cialiste du tournesol La plateforme de coupe sp\u00e9ciale qui permet de moissonner rapidement le tournesol. Afin de r\u00e9duire les pertes, la coupe dispose des plateaux cueilleurs tr\u00e8s longs avec \u00e9cartement de rangs r\u00e9glable. Votre advantages avec Z\u00fcrn Des navettes tr\u00e8s longues avec des intervalles r\u00e9glables pour une perte de r\u00e9colte minimale. Convient \u00e0 diff\u00e9rents \u00e9cartements de rang\u00e9es, par exemple 70 \/ 75 \/ 80 cm ou m\u00eame 50 cm. Afin d\u2019en \u00e9viter une coupe pr\u00e9coce, le rouleau d\u2019appui rotatif repousse en douceur les plantes vers le bas. Ainsi, seules les t\u00eates sont coup\u00e9es pour alimenter le syst\u00e8me de battage. La part de tiges \u00e9tant minimale, la tr\u00e9mie est pleine de grains propres. Les rabatteurs \u00e0 doigts r\u00e9glables assurent la r\u00e9gularit\u00e9 du flux vers la vis d\u2019alimentation et \u00e9vitent la formation de bouchons entre les plateaux diviseurs et la scie. Disponible en 5,60 \/ 8,40 \/ 9,80 \/ 11,20 m de largeur de travail ou 8 \/ 12 \/ 14 \/ 16 rangs pour toutes les marques de moissonneuses-batteuses courantes. Minimalise les pertes \u00e0 la moisson De par leur grande longueur, les plateaux diviseurs s\u2019adaptent parfaitement aux rangs et minimalisent les pertes de r\u00e9colte. Les espaces s\u2019ajustent facilement \u00e0 l\u2018\u00e9paisseur des tiges. Coupe franche et nette Plac\u00e9 sous la scie, le rouleau d\u2018appui pousse les tiges vers le bas, ainsi seules les t\u00eates de tournesols sont coup\u00e9es. Ind\u00e9pendante des rangs La coupe SOLERO travaille ind\u00e9pendamment des espaces inter-rangs. De ce fait elle est applicable \u00e0 divers inter-rangs tels que, par exemple : 70, 75, 80 cm o\u00f9 encore 50 cm. Alimentation exemplaire Les rabatteurs \u00e0 doigts r\u00e9glables assurent la r\u00e9gularit\u00e9 du flux vers la vis d\u2019alimentation et \u00e9vitent la formation de bouchons entre les plateaux diviseurs et la scie. R\u00e9colter en douceur Afin d\u2019en \u00e9viter une coupe pr\u00e9coce, le rouleau d\u2019appui rotatif repousse en douceur les plantes vers le bas. Ainsi, seules les t\u00eates sont coup\u00e9es pour alimenter le syst\u00e8me de battage. La part de tiges \u00e9tant minimale, la tr\u00e9mie est pleine de grains propres. Facile \u00e0 r\u00e9gler Dot\u00e9 d\u2019un r\u00e9glage hydraulique en hauteur, le rouleau frontal assure une alimentation optimale du syst\u00e8me de battage. Fiabilit\u00e9 maximale Con\u00e7ue de fa\u00e7on solide et stable, la coupe SOLERO n\u2019est pas lourde. Gr\u00e2ce \u00e0 son petit nombre de pi\u00e8ces en rotation, son fonctionnement est des plus \u00e9conomiques. Application universelle Z\u00dcRN dispose d\u2019une large gamme d\u2019adaptations pour atteler la coupe Z\u00dcRN SOLERO sur toutes les marques courantes de moissonneuses-batteuses. SOLERO Brochures Z\u00dcRN Solero La coupe \u00e0 tournesols.<\/p>\n","protected":false},"author":1,"featured_media":0,"parent":11297,"menu_order":0,"comment_status":"closed","ping_status":"closed","template":"elementor_header_footer","meta":{"footnotes":""},"class_list":["post-11420","page","type-page","status-publish","hentry"],"_links":{"self":[{"href":"https:\/\/zuern-harvesting.de\/fr\/wp-json\/wp\/v2\/pages\/11420","targetHints":{"allow":["GET"]}}],"collection":[{"href":"https:\/\/zuern-harvesting.de\/fr\/wp-json\/wp\/v2\/pages"}],"about":[{"href":"https:\/\/zuern-harvesting.de\/fr\/wp-json\/wp\/v2\/types\/page"}],"author":[{"embeddable":true,"href":"https:\/\/zuern-harvesting.de\/fr\/wp-json\/wp\/v2\/users\/1"}],"replies":[{"embeddable":true,"href":"https:\/\/zuern-harvesting.de\/fr\/wp-json\/wp\/v2\/comments?post=11420"}],"version-history":[{"count":0,"href":"https:\/\/zuern-harvesting.de\/fr\/wp-json\/wp\/v2\/pages\/11420\/revisions"}],"up":[{"embeddable":true,"href":"https:\/\/zuern-harvesting.de\/fr\/wp-json\/wp\/v2\/pages\/11297"}],"wp:attachment":[{"href":"https:\/\/zuern-harvesting.de\/fr\/wp-json\/wp\/v2\/media?parent=11420"}],"curies":[{"name":"wp","href":"https:\/\/api.w.org\/{rel}","templated":true}]}}