{"id":11451,"date":"2024-07-05T13:51:13","date_gmt":"2024-07-05T11:51:13","guid":{"rendered":"https:\/\/zuern-harvesting.de\/technique-dessai-en-plein-champ\/zuern-d92\/"},"modified":"2025-03-03T11:51:03","modified_gmt":"2025-03-03T10:51:03","slug":"zuern-d92","status":"publish","type":"page","link":"https:\/\/zuern-harvesting.de\/fr\/technique-dessai-en-plein-champ\/zuern-d92\/","title":{"rendered":"Z\u00dcRN D92"},"content":{"rendered":"\t\t<div data-elementor-type=\"wp-page\" data-elementor-id=\"11451\" class=\"elementor elementor-11451 elementor-5350\" data-elementor-post-type=\"page\">\n\t\t\t\t<div class=\"elementor-element elementor-element-435b3f81 e-con-full e-flex wpr-particle-no wpr-jarallax-no wpr-parallax-no wpr-sticky-section-no wpr-equal-height-no e-con e-parent\" data-id=\"435b3f81\" data-element_type=\"container\" data-e-type=\"container\" data-settings=\"{&quot;jet_parallax_layout_list&quot;:[]}\">\n\t\t\t\t<div class=\"elementor-element elementor-element-7bb4a6a6 elementor--v-position-bottom elementor--h-position-left elementor-widget elementor-widget-slides\" data-id=\"7bb4a6a6\" data-element_type=\"widget\" data-e-type=\"widget\" data-settings=\"{&quot;navigation&quot;:&quot;none&quot;,&quot;transition&quot;:&quot;fade&quot;,&quot;autoplay&quot;:&quot;yes&quot;,&quot;pause_on_hover&quot;:&quot;yes&quot;,&quot;pause_on_interaction&quot;:&quot;yes&quot;,&quot;autoplay_speed&quot;:5000,&quot;infinite&quot;:&quot;yes&quot;,&quot;transition_speed&quot;:500}\" data-widget_type=\"slides.default\">\n\t\t\t\t<div class=\"elementor-widget-container\">\n\t\t\t\t\t\t\t\t\t<div class=\"elementor-swiper\">\n\t\t\t\t\t<div class=\"elementor-slides-wrapper elementor-main-swiper swiper\" role=\"region\" aria-roledescription=\"carousel\" aria-label=\"Slider\" dir=\"ltr\" data-animation=\"fadeInUp\">\n\t\t\t\t<div class=\"swiper-wrapper elementor-slides\">\n\t\t\t\t\t\t\t\t\t\t<div class=\"elementor-repeater-item-1719ee9 swiper-slide\" role=\"group\" aria-roledescription=\"slide\"><div class=\"swiper-slide-bg\" role=\"img\" aria-label=\"Z\u00dcRN D92 Einzelreihen S\u00e4maschine auf dem kahlen Acker\"><\/div><div class=\"elementor-background-overlay\"><\/div><div class=\"swiper-slide-inner\" ><div class=\"swiper-slide-contents\"><h1 class=\"elementor-slide-heading\">Le semoir \u00e0 lign\u00e9es<\/h1><\/div><\/div><\/div>\t\t\t\t<\/div>\n\t\t\t\t\t\t\t<\/div>\n\t\t\t\t<\/div>\n\t\t\t\t\t\t\t\t<\/div>\n\t\t\t\t<\/div>\n\t\t\t\t<\/div>\n\t\t<div class=\"elementor-element elementor-element-5c988149 e-flex e-con-boxed wpr-particle-no wpr-jarallax-no wpr-parallax-no wpr-sticky-section-no wpr-equal-height-no e-con e-parent\" data-id=\"5c988149\" data-element_type=\"container\" data-e-type=\"container\" data-settings=\"{&quot;jet_parallax_layout_list&quot;:[],&quot;background_background&quot;:&quot;classic&quot;}\">\n\t\t\t\t\t<div class=\"e-con-inner\">\n\t\t<div class=\"elementor-element elementor-element-2507b5fb e-con-full e-flex wpr-particle-no wpr-jarallax-no wpr-parallax-no wpr-sticky-section-no wpr-equal-height-no e-con e-child\" data-id=\"2507b5fb\" data-element_type=\"container\" data-e-type=\"container\" data-settings=\"{&quot;jet_parallax_layout_list&quot;:[]}\">\n\t\t<div class=\"elementor-element elementor-element-ecec566 e-con-full e-flex wpr-particle-no wpr-jarallax-no wpr-parallax-no wpr-sticky-section-no wpr-equal-height-no e-con e-child\" data-id=\"ecec566\" data-element_type=\"container\" data-e-type=\"container\" data-settings=\"{&quot;jet_parallax_layout_list&quot;:[]}\">\n\t\t\t\t<div class=\"elementor-element elementor-element-311ad79c elementor-widget elementor-widget-heading\" data-id=\"311ad79c\" data-element_type=\"widget\" data-e-type=\"widget\" data-widget_type=\"heading.default\">\n\t\t\t\t<div class=\"elementor-widget-container\">\n\t\t\t\t\t<h2 class=\"elementor-heading-title elementor-size-default\">Z\u00dcRN D92  <\/h2>\t\t\t\t<\/div>\n\t\t\t\t<\/div>\n\t\t\t\t<\/div>\n\t\t\t\t<\/div>\n\t\t<div class=\"elementor-element elementor-element-14554c0c e-con-full e-flex wpr-particle-no wpr-jarallax-no wpr-parallax-no wpr-sticky-section-no wpr-equal-height-no e-con e-child\" data-id=\"14554c0c\" data-element_type=\"container\" data-e-type=\"container\" data-settings=\"{&quot;jet_parallax_layout_list&quot;:[]}\">\n\t\t\t\t<div class=\"elementor-element elementor-element-25f79a2d elementor-widget elementor-widget-text-editor\" data-id=\"25f79a2d\" data-element_type=\"widget\" data-e-type=\"widget\" data-widget_type=\"text-editor.default\">\n\t\t\t\t<div class=\"elementor-widget-container\">\n\t\t\t\t\t\t\t\t\t<p>Sur le semoir \u00e0 lign\u00e9es pour la s\u00e9lection des plantes, une table d\u2018approvisionnement alimente automatiquement chaque ligne de semis via des magasins.<\/p><p>La semence, qui est r\u00e9partie dans les diverses chambres du magasin, est transf\u00e9r\u00e9e vers les t\u00eates de bandes de l&rsquo;unit\u00e9 centrale pour \u00eatre sem\u00e9e sans m\u00e9lange et avec pr\u00e9cision sur chaque lign\u00e9e.<\/p><p>La transmission et la commande sont totalement \u00e9lectroniques. Voil\u00e0 qui simplifie consid\u00e9rablement la commande de la machine et permet un param\u00e9trage rapide des donn\u00e9es telles que le dosage du semis, la longueur des parcelles, les largeurs des all\u00e9es et l\u2019avancement de la table d\u2019alimentation. <\/p><p>Les semoirs Z\u00fcrn sont structur\u00e9s de fa\u00e7on modulaire. Les socs semeurs tout comme les autres \u00e9quipements techniques sont adapt\u00e9s \u00e0 vos besoins et souhaits. <\/p>\t\t\t\t\t\t\t\t<\/div>\n\t\t\t\t<\/div>\n\t\t\t\t<\/div>\n\t\t\t\t\t<\/div>\n\t\t\t\t<\/div>\n\t\t<div class=\"elementor-element elementor-element-3ffe98ab e-flex e-con-boxed wpr-particle-no wpr-jarallax-no wpr-parallax-no wpr-sticky-section-no wpr-equal-height-no e-con e-parent\" data-id=\"3ffe98ab\" data-element_type=\"container\" data-e-type=\"container\" data-settings=\"{&quot;jet_parallax_layout_list&quot;:[]}\">\n\t\t\t\t\t<div class=\"e-con-inner\">\n\t\t<div class=\"elementor-element elementor-element-438f6cf9 e-con-full e-flex wpr-particle-no wpr-jarallax-no wpr-parallax-no wpr-sticky-section-no wpr-equal-height-no e-con e-child\" data-id=\"438f6cf9\" data-element_type=\"container\" data-e-type=\"container\" data-settings=\"{&quot;jet_parallax_layout_list&quot;:[]}\">\n\t\t<div class=\"elementor-element elementor-element-2437a3b6 e-con-full e-flex wpr-particle-no wpr-jarallax-no wpr-parallax-no wpr-sticky-section-no wpr-equal-height-no e-con e-child\" data-id=\"2437a3b6\" data-element_type=\"container\" data-e-type=\"container\" data-settings=\"{&quot;jet_parallax_layout_list&quot;:[]}\">\n\t\t\t\t<div class=\"elementor-element elementor-element-3011f4a3 elementor-widget elementor-widget-heading\" data-id=\"3011f4a3\" data-element_type=\"widget\" data-e-type=\"widget\" data-widget_type=\"heading.default\">\n\t\t\t\t<div class=\"elementor-widget-container\">\n\t\t\t\t\t<h2 class=\"elementor-heading-title elementor-size-default\">Les avantages Z\u00dcRN<\/h2>\t\t\t\t<\/div>\n\t\t\t\t<\/div>\n\t\t\t\t<\/div>\n\t\t\t\t<\/div>\n\t\t<div class=\"elementor-element elementor-element-620d01e2 e-con-full e-flex wpr-particle-no wpr-jarallax-no wpr-parallax-no wpr-sticky-section-no wpr-equal-height-no e-con e-child\" data-id=\"620d01e2\" data-element_type=\"container\" data-e-type=\"container\" data-settings=\"{&quot;jet_parallax_layout_list&quot;:[]}\">\n\t\t\t\t<div class=\"elementor-element elementor-element-41d6e20c elementor-mobile-align-start elementor-icon-list--layout-traditional elementor-list-item-link-full_width elementor-widget elementor-widget-icon-list\" data-id=\"41d6e20c\" data-element_type=\"widget\" data-e-type=\"widget\" data-widget_type=\"icon-list.default\">\n\t\t\t\t<div class=\"elementor-widget-container\">\n\t\t\t\t\t\t\t<ul class=\"elementor-icon-list-items\">\n\t\t\t\t\t\t\t<li class=\"elementor-icon-list-item\">\n\t\t\t\t\t\t\t\t\t\t\t<span class=\"elementor-icon-list-icon\">\n\t\t\t\t\t\t\t<i aria-hidden=\"true\" class=\"fas fa-angle-right\"><\/i>\t\t\t\t\t\t<\/span>\n\t\t\t\t\t\t\t\t\t\t<span class=\"elementor-icon-list-text\">Magasin \u00e0 compartiments pour un semis en ligne unique et d\u00e9roulement du semis command\u00e9 automatiquement par la table du magasin.<\/span>\n\t\t\t\t\t\t\t\t\t<\/li>\n\t\t\t\t\t\t\t\t<li class=\"elementor-icon-list-item\">\n\t\t\t\t\t\t\t\t\t\t\t<span class=\"elementor-icon-list-icon\">\n\t\t\t\t\t\t\t<i aria-hidden=\"true\" class=\"fas fa-angle-right\"><\/i>\t\t\t\t\t\t<\/span>\n\t\t\t\t\t\t\t\t\t\t<span class=\"elementor-icon-list-text\">Unit\u00e9 de t\u00eate de bande avec t\u00eate de bande s\u00e9par\u00e9e pour chaque ligne de semis - pour une distribution longitudinale des semences pr\u00e9cise et propre aux grains.<\/span>\n\t\t\t\t\t\t\t\t\t<\/li>\n\t\t\t\t\t\t\t\t<li class=\"elementor-icon-list-item\">\n\t\t\t\t\t\t\t\t\t\t\t<span class=\"elementor-icon-list-icon\">\n\t\t\t\t\t\t\t<i aria-hidden=\"true\" class=\"fas fa-angle-right\"><\/i>\t\t\t\t\t\t<\/span>\n\t\t\t\t\t\t\t\t\t\t<span class=\"elementor-icon-list-text\">Compensation automatique de la pente pour l'unit\u00e9 de t\u00eate de bande.<\/span>\n\t\t\t\t\t\t\t\t\t<\/li>\n\t\t\t\t\t\t\t\t<li class=\"elementor-icon-list-item\">\n\t\t\t\t\t\t\t\t\t\t\t<span class=\"elementor-icon-list-icon\">\n\t\t\t\t\t\t\t<i aria-hidden=\"true\" class=\"fas fa-angle-right\"><\/i>\t\t\t\t\t\t<\/span>\n\t\t\t\t\t\t\t\t\t\t<span class=\"elementor-icon-list-text\">Utilisation facile et r\u00e9glage rapide des param\u00e8tres de semis gr\u00e2ce \u00e0 l'unit\u00e9 d'entra\u00eenement et de commande enti\u00e8rement \u00e9lectronique.<\/span>\n\t\t\t\t\t\t\t\t\t<\/li>\n\t\t\t\t\t\t\t\t<li class=\"elementor-icon-list-item\">\n\t\t\t\t\t\t\t\t\t\t\t<span class=\"elementor-icon-list-icon\">\n\t\t\t\t\t\t\t<i aria-hidden=\"true\" class=\"fas fa-angle-right\"><\/i>\t\t\t\t\t\t<\/span>\n\t\t\t\t\t\t\t\t\t\t<span class=\"elementor-icon-list-text\">Commande programm\u00e9e puissante pour des vitesses de travail et des rendements de semis \u00e9lev\u00e9s.<\/span>\n\t\t\t\t\t\t\t\t\t<\/li>\n\t\t\t\t\t\t\t\t<li class=\"elementor-icon-list-item\">\n\t\t\t\t\t\t\t\t\t\t\t<span class=\"elementor-icon-list-icon\">\n\t\t\t\t\t\t\t<i aria-hidden=\"true\" class=\"fas fa-angle-right\"><\/i>\t\t\t\t\t\t<\/span>\n\t\t\t\t\t\t\t\t\t\t<span class=\"elementor-icon-list-text\">R\u00e9duction de la charge de travail de l'op\u00e9rateur gr\u00e2ce au rechargement automatique des magasins de la chambre.<\/span>\n\t\t\t\t\t\t\t\t\t<\/li>\n\t\t\t\t\t\t<\/ul>\n\t\t\t\t\t\t<\/div>\n\t\t\t\t<\/div>\n\t\t\t\t<\/div>\n\t\t\t\t\t<\/div>\n\t\t\t\t<\/div>\n\t\t<div class=\"elementor-element elementor-element-4d7aef44 e-flex e-con-boxed wpr-particle-no wpr-jarallax-no wpr-parallax-no wpr-sticky-section-no wpr-equal-height-no e-con e-parent\" data-id=\"4d7aef44\" data-element_type=\"container\" data-e-type=\"container\" data-settings=\"{&quot;jet_parallax_layout_list&quot;:[],&quot;background_background&quot;:&quot;classic&quot;}\">\n\t\t\t\t\t<div class=\"e-con-inner\">\n\t\t<div class=\"elementor-element elementor-element-140b45e3 e-con-full e-flex wpr-particle-no wpr-jarallax-no wpr-parallax-no wpr-sticky-section-no wpr-equal-height-no e-con e-child\" data-id=\"140b45e3\" data-element_type=\"container\" data-e-type=\"container\" data-settings=\"{&quot;background_background&quot;:&quot;classic&quot;,&quot;jet_parallax_layout_list&quot;:[]}\">\n\t\t\t\t<div class=\"elementor-element elementor-element-3a750c7a elementor-arrows-position-outside elementor-widget elementor-widget-image-carousel\" data-id=\"3a750c7a\" data-element_type=\"widget\" data-e-type=\"widget\" data-settings=\"{&quot;navigation&quot;:&quot;arrows&quot;,&quot;image_spacing_custom&quot;:{&quot;unit&quot;:&quot;px&quot;,&quot;size&quot;:25,&quot;sizes&quot;:[]},&quot;autoplay&quot;:&quot;yes&quot;,&quot;pause_on_hover&quot;:&quot;yes&quot;,&quot;pause_on_interaction&quot;:&quot;yes&quot;,&quot;autoplay_speed&quot;:5000,&quot;infinite&quot;:&quot;yes&quot;,&quot;speed&quot;:500,&quot;image_spacing_custom_laptop&quot;:{&quot;unit&quot;:&quot;px&quot;,&quot;size&quot;:&quot;&quot;,&quot;sizes&quot;:[]},&quot;image_spacing_custom_tablet_extra&quot;:{&quot;unit&quot;:&quot;px&quot;,&quot;size&quot;:&quot;&quot;,&quot;sizes&quot;:[]},&quot;image_spacing_custom_tablet&quot;:{&quot;unit&quot;:&quot;px&quot;,&quot;size&quot;:&quot;&quot;,&quot;sizes&quot;:[]},&quot;image_spacing_custom_mobile&quot;:{&quot;unit&quot;:&quot;px&quot;,&quot;size&quot;:&quot;&quot;,&quot;sizes&quot;:[]}}\" data-widget_type=\"image-carousel.default\">\n\t\t\t\t<div class=\"elementor-widget-container\">\n\t\t\t\t\t\t\t<div class=\"elementor-image-carousel-wrapper swiper\" role=\"region\" aria-roledescription=\"carousel\" aria-label=\"Bild Karussell\" dir=\"ltr\">\n\t\t\t<div class=\"elementor-image-carousel swiper-wrapper\" aria-live=\"off\">\n\t\t\t\t\t\t\t\t<div class=\"swiper-slide\" role=\"group\" aria-roledescription=\"slide\" aria-label=\"1 sur 4\"><a data-elementor-open-lightbox=\"yes\" data-elementor-lightbox-slideshow=\"3a750c7a\" data-e-action-hash=\"#elementor-action%3Aaction%3Dlightbox%26settings%3DeyJpZCI6OTIwOCwidXJsIjoiaHR0cHM6XC9cL3p1ZXJuLWhhcnZlc3RpbmcuZGVcL3dwLWNvbnRlbnRcL3VwbG9hZHNcLzIwMjRcLzA3XC9adWVybi1Qcm9kdWt0XzI3Mi53ZWJwIiwic2xpZGVzaG93IjoiM2E3NTBjN2EifQ%3D%3D\" href=\"https:\/\/zuern-harvesting.de\/wp-content\/uploads\/2024\/07\/Zuern-Produkt_272.webp\"><figure class=\"swiper-slide-inner\"><img decoding=\"async\" class=\"swiper-slide-image\" src=\"https:\/\/zuern-harvesting.de\/wp-content\/uploads\/2024\/07\/Zuern-Produkt_272-768x523.webp\" alt=\"Zuern-Produkt_272\" \/><\/figure><\/a><\/div><div class=\"swiper-slide\" role=\"group\" aria-roledescription=\"slide\" aria-label=\"2 sur 4\"><a data-elementor-open-lightbox=\"yes\" data-elementor-lightbox-slideshow=\"3a750c7a\" data-e-action-hash=\"#elementor-action%3Aaction%3Dlightbox%26settings%3DeyJpZCI6OTIxMiwidXJsIjoiaHR0cHM6XC9cL3p1ZXJuLWhhcnZlc3RpbmcuZGVcL3dwLWNvbnRlbnRcL3VwbG9hZHNcLzIwMjRcLzA3XC9adWVybi1Qcm9kdWt0XzI3My53ZWJwIiwic2xpZGVzaG93IjoiM2E3NTBjN2EifQ%3D%3D\" href=\"https:\/\/zuern-harvesting.de\/wp-content\/uploads\/2024\/07\/Zuern-Produkt_273.webp\"><figure class=\"swiper-slide-inner\"><img decoding=\"async\" class=\"swiper-slide-image\" src=\"https:\/\/zuern-harvesting.de\/wp-content\/uploads\/2024\/07\/Zuern-Produkt_273-768x523.webp\" alt=\"Zuern-Produkt_273\" \/><\/figure><\/a><\/div><div class=\"swiper-slide\" role=\"group\" aria-roledescription=\"slide\" aria-label=\"3 sur 4\"><a data-elementor-open-lightbox=\"yes\" data-elementor-lightbox-slideshow=\"3a750c7a\" data-e-action-hash=\"#elementor-action%3Aaction%3Dlightbox%26settings%3DeyJpZCI6OTIxNiwidXJsIjoiaHR0cHM6XC9cL3p1ZXJuLWhhcnZlc3RpbmcuZGVcL3dwLWNvbnRlbnRcL3VwbG9hZHNcLzIwMjRcLzA3XC9adWVybi1Qcm9kdWt0XzI3NC53ZWJwIiwic2xpZGVzaG93IjoiM2E3NTBjN2EifQ%3D%3D\" href=\"https:\/\/zuern-harvesting.de\/wp-content\/uploads\/2024\/07\/Zuern-Produkt_274.webp\"><figure class=\"swiper-slide-inner\"><img decoding=\"async\" class=\"swiper-slide-image\" src=\"https:\/\/zuern-harvesting.de\/wp-content\/uploads\/2024\/07\/Zuern-Produkt_274-768x523.webp\" alt=\"Zuern-Produkt_274\" \/><\/figure><\/a><\/div><div class=\"swiper-slide\" role=\"group\" aria-roledescription=\"slide\" aria-label=\"4 sur 4\"><a data-elementor-open-lightbox=\"yes\" data-elementor-lightbox-slideshow=\"3a750c7a\" data-e-action-hash=\"#elementor-action%3Aaction%3Dlightbox%26settings%3DeyJpZCI6OTIyMCwidXJsIjoiaHR0cHM6XC9cL3p1ZXJuLWhhcnZlc3RpbmcuZGVcL3dwLWNvbnRlbnRcL3VwbG9hZHNcLzIwMjRcLzA3XC9adWVybi1Qcm9kdWt0XzI3NS53ZWJwIiwic2xpZGVzaG93IjoiM2E3NTBjN2EifQ%3D%3D\" href=\"https:\/\/zuern-harvesting.de\/wp-content\/uploads\/2024\/07\/Zuern-Produkt_275.webp\"><figure class=\"swiper-slide-inner\"><img decoding=\"async\" class=\"swiper-slide-image\" src=\"https:\/\/zuern-harvesting.de\/wp-content\/uploads\/2024\/07\/Zuern-Produkt_275-768x523.webp\" alt=\"Zuern-Produkt_275\" \/><\/figure><\/a><\/div>\t\t\t<\/div>\n\t\t\t\t\t\t\t\t\t\t\t\t<div class=\"elementor-swiper-button elementor-swiper-button-prev\" role=\"button\" tabindex=\"0\">\n\t\t\t\t\t\t<i aria-hidden=\"true\" class=\"eicon-chevron-left\"><\/i>\t\t\t\t\t<\/div>\n\t\t\t\t\t<div class=\"elementor-swiper-button elementor-swiper-button-next\" role=\"button\" tabindex=\"0\">\n\t\t\t\t\t\t<i aria-hidden=\"true\" class=\"eicon-chevron-right\"><\/i>\t\t\t\t\t<\/div>\n\t\t\t\t\n\t\t\t\t\t\t\t\t\t<\/div>\n\t\t\t\t\t\t<\/div>\n\t\t\t\t<\/div>\n\t\t\t\t<\/div>\n\t\t\t\t\t<\/div>\n\t\t\t\t<\/div>\n\t\t\t\t<\/div>\n\t\t","protected":false},"excerpt":{"rendered":"<p>Le semoir \u00e0 lign\u00e9es Z\u00dcRN D92 Sur le semoir \u00e0 lign\u00e9es pour la s\u00e9lection des plantes, une table d\u2018approvisionnement alimente automatiquement chaque ligne de semis via des magasins. La semence, qui est r\u00e9partie dans les diverses chambres du magasin, est transf\u00e9r\u00e9e vers les t\u00eates de bandes de l&rsquo;unit\u00e9 centrale pour \u00eatre sem\u00e9e sans m\u00e9lange et avec pr\u00e9cision sur chaque lign\u00e9e. La transmission et la commande sont totalement \u00e9lectroniques. Voil\u00e0 qui simplifie consid\u00e9rablement la commande de la machine et permet un param\u00e9trage rapide des donn\u00e9es telles que le dosage du semis, la longueur des parcelles, les largeurs des all\u00e9es et l\u2019avancement de la table d\u2019alimentation. Les semoirs Z\u00fcrn sont structur\u00e9s de fa\u00e7on modulaire. Les socs semeurs tout comme les autres \u00e9quipements techniques sont adapt\u00e9s \u00e0 vos besoins et souhaits. Les avantages Z\u00dcRN Magasin \u00e0 compartiments pour un semis en ligne unique et d\u00e9roulement du semis command\u00e9 automatiquement par la table du magasin. Unit\u00e9 de t\u00eate de bande avec t\u00eate de bande s\u00e9par\u00e9e pour chaque ligne de semis &#8211; pour une distribution longitudinale des semences pr\u00e9cise et propre aux grains. Compensation automatique de la pente pour l&rsquo;unit\u00e9 de t\u00eate de bande. Utilisation facile et r\u00e9glage rapide des param\u00e8tres de semis gr\u00e2ce \u00e0 l&rsquo;unit\u00e9 d&rsquo;entra\u00eenement et de commande enti\u00e8rement \u00e9lectronique. Commande programm\u00e9e puissante pour des vitesses de travail et des rendements de semis \u00e9lev\u00e9s. R\u00e9duction de la charge de travail de l&rsquo;op\u00e9rateur gr\u00e2ce au rechargement automatique des magasins de la chambre.<\/p>\n","protected":false},"author":1,"featured_media":0,"parent":11366,"menu_order":0,"comment_status":"closed","ping_status":"closed","template":"elementor_header_footer","meta":{"footnotes":""},"class_list":["post-11451","page","type-page","status-publish","hentry"],"_links":{"self":[{"href":"https:\/\/zuern-harvesting.de\/fr\/wp-json\/wp\/v2\/pages\/11451","targetHints":{"allow":["GET"]}}],"collection":[{"href":"https:\/\/zuern-harvesting.de\/fr\/wp-json\/wp\/v2\/pages"}],"about":[{"href":"https:\/\/zuern-harvesting.de\/fr\/wp-json\/wp\/v2\/types\/page"}],"author":[{"embeddable":true,"href":"https:\/\/zuern-harvesting.de\/fr\/wp-json\/wp\/v2\/users\/1"}],"replies":[{"embeddable":true,"href":"https:\/\/zuern-harvesting.de\/fr\/wp-json\/wp\/v2\/comments?post=11451"}],"version-history":[{"count":0,"href":"https:\/\/zuern-harvesting.de\/fr\/wp-json\/wp\/v2\/pages\/11451\/revisions"}],"up":[{"embeddable":true,"href":"https:\/\/zuern-harvesting.de\/fr\/wp-json\/wp\/v2\/pages\/11366"}],"wp:attachment":[{"href":"https:\/\/zuern-harvesting.de\/fr\/wp-json\/wp\/v2\/media?parent=11451"}],"curies":[{"name":"wp","href":"https:\/\/api.w.org\/{rel}","templated":true}]}}